{"id":366,"date":"2025-12-10T13:58:58","date_gmt":"2025-12-10T13:58:58","guid":{"rendered":"https:\/\/sites.vireisite.com.br\/maurosistemas\/?page_id=366"},"modified":"2025-12-10T16:39:59","modified_gmt":"2025-12-10T16:39:59","slug":"analise-de-processos-bpm","status":"publish","type":"page","link":"https:\/\/sites.vireisite.com.br\/maurosistemas\/analise-de-processos-bpm\/","title":{"rendered":"An\u00e1lise de Processos &#8211; BPM"},"content":{"rendered":"\t\t<div data-elementor-type=\"wp-page\" data-elementor-id=\"366\" class=\"elementor elementor-366\" data-elementor-post-type=\"page\">\n\t\t\t\t\t\t<section class=\"elementor-section elementor-top-section elementor-element elementor-element-625a6535 elementor-section-full_width elementor-section-height-default elementor-section-height-default\" data-id=\"625a6535\" data-element_type=\"section\">\n\t\t\t\t\t\t<div class=\"elementor-container elementor-column-gap-no\">\n\t\t\t\t\t<div class=\"elementor-column elementor-col-100 elementor-top-column elementor-element elementor-element-7de8eed8\" data-id=\"7de8eed8\" data-element_type=\"column\">\n\t\t\t<div class=\"elementor-widget-wrap\">\n\t\t\t\t\t\t\t<\/div>\n\t\t<\/div>\n\t\t\t\t\t<\/div>\n\t\t<\/section>\n\t\t<div class=\"elementor-element elementor-element-4ac474ff e-flex e-con-boxed e-con e-parent\" data-id=\"4ac474ff\" data-element_type=\"container\" data-settings=\"{&quot;background_background&quot;:&quot;classic&quot;}\">\n\t\t\t\t\t<div class=\"e-con-inner\">\n\t\t\t\t<div class=\"elementor-element elementor-element-3db5ba03 elementor-widget elementor-widget-heading\" data-id=\"3db5ba03\" data-element_type=\"widget\" data-widget_type=\"heading.default\">\n\t\t\t\t\t<h1 class=\"elementor-heading-title elementor-size-default\">An\u00e1lise de processos  (BPM)<\/h1>\t\t\t\t<\/div>\n\t\t\t\t\t<\/div>\n\t\t\t\t<\/div>\n\t\t\t\t<section class=\"elementor-section elementor-top-section elementor-element elementor-element-48f0e957 elementor-section-boxed elementor-section-height-default elementor-section-height-default\" data-id=\"48f0e957\" data-element_type=\"section\">\n\t\t\t\t\t\t<div class=\"elementor-container elementor-column-gap-no\">\n\t\t\t\t\t<div class=\"elementor-column elementor-col-50 elementor-top-column elementor-element elementor-element-670ee637\" data-id=\"670ee637\" data-element_type=\"column\">\n\t\t\t<div class=\"elementor-widget-wrap elementor-element-populated\">\n\t\t\t\t\t\t<div class=\"elementor-element elementor-element-3db48450 elementor-widget elementor-widget-text-editor\" data-id=\"3db48450\" data-element_type=\"widget\" data-widget_type=\"text-editor.default\">\n\t\t\t\t\t\t\t\t\t<p data-start=\"257\" data-end=\"655\">A <strong data-start=\"259\" data-end=\"319\">An\u00e1lise de Processos (BPM \u2013 Business Process Management)<\/strong> \u00e9 fundamental para empresas que desejam operar com efici\u00eancia, reduzir custos, aumentar a produtividade e garantir crescimento de forma estruturada. Na <strong data-start=\"472\" data-end=\"490\">Mauro Sistemas<\/strong>, realizamos o mapeamento, a an\u00e1lise e o redesenho completo dos processos organizacionais, transformando rotinas complexas em fluxos claros, eficientes e escal\u00e1veis.<\/p><p data-start=\"657\" data-end=\"1013\">Nosso trabalho come\u00e7a com o entendimento profundo da realidade da empresa. Analisamos cada etapa dos processos internos, identificamos gargalos, retrabalhos, desperd\u00edcios de tempo e falhas de comunica\u00e7\u00e3o. A partir disso, propomos melhorias estrat\u00e9gicas, alinhando pessoas, processos e tecnologia para que a opera\u00e7\u00e3o funcione de forma integrada e otimizada.<\/p><p data-start=\"1015\" data-end=\"1375\">Empresas que possuem processos mal definidos enfrentam dificuldades para crescer, sofrem com baixa produtividade, aumento de custos operacionais e perda de qualidade nos servi\u00e7os. J\u00e1 organiza\u00e7\u00f5es que investem em BPM conquistam <strong data-start=\"1242\" data-end=\"1324\">padroniza\u00e7\u00e3o, maior controle, agilidade operacional e melhor tomada de decis\u00e3o<\/strong>, criando uma base s\u00f3lida para expans\u00e3o e inova\u00e7\u00e3o.<\/p>\t\t\t\t\t\t\t\t<\/div>\n\t\t\t\t\t<\/div>\n\t\t<\/div>\n\t\t\t\t<div class=\"elementor-column elementor-col-50 elementor-top-column elementor-element elementor-element-67ac07b2\" data-id=\"67ac07b2\" data-element_type=\"column\">\n\t\t\t<div class=\"elementor-widget-wrap elementor-element-populated\">\n\t\t\t\t\t\t<div class=\"elementor-element elementor-element-290f2cdb elementor-widget elementor-widget-image\" data-id=\"290f2cdb\" data-element_type=\"widget\" data-widget_type=\"image.default\">\n\t\t\t\t\t\t\t\t\t\t\t\t\t\t\t<img fetchpriority=\"high\" decoding=\"async\" width=\"800\" height=\"530\" src=\"https:\/\/sites.vireisite.com.br\/maurosistemas\/wp-content\/uploads\/2025\/12\/analise-bpm-1024x678.jpg\" class=\"attachment-large size-large wp-image-444\" alt=\"\" srcset=\"https:\/\/sites.vireisite.com.br\/maurosistemas\/wp-content\/uploads\/2025\/12\/analise-bpm-1024x678.jpg 1024w, https:\/\/sites.vireisite.com.br\/maurosistemas\/wp-content\/uploads\/2025\/12\/analise-bpm-300x199.jpg 300w, https:\/\/sites.vireisite.com.br\/maurosistemas\/wp-content\/uploads\/2025\/12\/analise-bpm-768x509.jpg 768w, https:\/\/sites.vireisite.com.br\/maurosistemas\/wp-content\/uploads\/2025\/12\/analise-bpm-1536x1018.jpg 1536w, https:\/\/sites.vireisite.com.br\/maurosistemas\/wp-content\/uploads\/2025\/12\/analise-bpm.jpg 1920w\" sizes=\"(max-width: 800px) 100vw, 800px\" \/>\t\t\t\t\t\t\t\t\t\t\t\t\t\t\t<\/div>\n\t\t\t\t<section class=\"elementor-section elementor-inner-section elementor-element elementor-element-2b8267e5 animated-slow elementor-section-boxed elementor-section-height-default elementor-section-height-default elementor-invisible\" data-id=\"2b8267e5\" data-element_type=\"section\" data-settings=\"{&quot;animation&quot;:&quot;fadeInUp&quot;,&quot;animation_delay&quot;:0}\">\n\t\t\t\t\t\t<div class=\"elementor-container elementor-column-gap-no\">\n\t\t\t\t\t<div class=\"elementor-column elementor-col-100 elementor-inner-column elementor-element elementor-element-4d068173\" data-id=\"4d068173\" data-element_type=\"column\">\n\t\t\t<div class=\"elementor-widget-wrap\">\n\t\t\t\t\t\t\t<\/div>\n\t\t<\/div>\n\t\t\t\t\t<\/div>\n\t\t<\/section>\n\t\t\t\t\t<\/div>\n\t\t<\/div>\n\t\t\t\t\t<\/div>\n\t\t<\/section>\n\t\t\t\t<\/div>\n\t\t","protected":false},"excerpt":{"rendered":"<p>An\u00e1lise de processos (BPM) A An\u00e1lise de Processos (BPM \u2013 Business Process Management) \u00e9 fundamental para empresas que desejam operar com efici\u00eancia, reduzir custos, aumentar a produtividade e garantir crescimento de forma estruturada. Na Mauro Sistemas, realizamos o mapeamento, a an\u00e1lise e o redesenho completo dos processos organizacionais, transformando rotinas complexas em fluxos claros, eficientes [&hellip;]<\/p>\n","protected":false},"author":1,"featured_media":0,"parent":0,"menu_order":0,"comment_status":"closed","ping_status":"closed","template":"elementor_header_footer","meta":{"footnotes":""},"class_list":["post-366","page","type-page","status-publish","hentry"],"yoast_head":"<!-- This site is optimized with the Yoast SEO plugin v26.5 - https:\/\/yoast.com\/wordpress\/plugins\/seo\/ -->\n<title>An\u00e1lise de Processos - BPM - Mauro sistemas<\/title>\n<meta name=\"robots\" content=\"index, follow, max-snippet:-1, max-image-preview:large, max-video-preview:-1\" \/>\n<link rel=\"canonical\" href=\"https:\/\/sites.vireisite.com.br\/maurosistemas\/analise-de-processos-bpm\/\" \/>\n<meta property=\"og:locale\" content=\"pt_BR\" \/>\n<meta property=\"og:type\" content=\"article\" \/>\n<meta property=\"og:title\" content=\"An\u00e1lise de Processos - BPM - Mauro sistemas\" \/>\n<meta property=\"og:description\" content=\"An\u00e1lise de processos (BPM) A An\u00e1lise de Processos (BPM \u2013 Business Process Management) \u00e9 fundamental para empresas que desejam operar com efici\u00eancia, reduzir custos, aumentar a produtividade e garantir crescimento de forma estruturada. Na Mauro Sistemas, realizamos o mapeamento, a an\u00e1lise e o redesenho completo dos processos organizacionais, transformando rotinas complexas em fluxos claros, eficientes [&hellip;]\" \/>\n<meta property=\"og:url\" content=\"https:\/\/sites.vireisite.com.br\/maurosistemas\/analise-de-processos-bpm\/\" \/>\n<meta property=\"og:site_name\" content=\"Mauro sistemas\" \/>\n<meta property=\"article:modified_time\" content=\"2025-12-10T16:39:59+00:00\" \/>\n<meta property=\"og:image\" content=\"https:\/\/sites.vireisite.com.br\/maurosistemas\/wp-content\/uploads\/2025\/12\/analise-bpm.jpg\" \/>\n\t<meta property=\"og:image:width\" content=\"1920\" \/>\n\t<meta property=\"og:image:height\" content=\"1272\" \/>\n\t<meta property=\"og:image:type\" content=\"image\/jpeg\" \/>\n<meta name=\"twitter:card\" content=\"summary_large_image\" \/>\n<meta name=\"twitter:label1\" content=\"Est. tempo de leitura\" \/>\n\t<meta name=\"twitter:data1\" content=\"1 minuto\" \/>\n<script type=\"application\/ld+json\" class=\"yoast-schema-graph\">{\"@context\":\"https:\/\/schema.org\",\"@graph\":[{\"@type\":\"WebPage\",\"@id\":\"https:\/\/sites.vireisite.com.br\/maurosistemas\/analise-de-processos-bpm\/\",\"url\":\"https:\/\/sites.vireisite.com.br\/maurosistemas\/analise-de-processos-bpm\/\",\"name\":\"An\u00e1lise de Processos - BPM - Mauro sistemas\",\"isPartOf\":{\"@id\":\"https:\/\/sites.vireisite.com.br\/maurosistemas\/#website\"},\"primaryImageOfPage\":{\"@id\":\"https:\/\/sites.vireisite.com.br\/maurosistemas\/analise-de-processos-bpm\/#primaryimage\"},\"image\":{\"@id\":\"https:\/\/sites.vireisite.com.br\/maurosistemas\/analise-de-processos-bpm\/#primaryimage\"},\"thumbnailUrl\":\"https:\/\/sites.vireisite.com.br\/maurosistemas\/wp-content\/uploads\/2025\/12\/analise-bpm-1024x678.jpg\",\"datePublished\":\"2025-12-10T13:58:58+00:00\",\"dateModified\":\"2025-12-10T16:39:59+00:00\",\"breadcrumb\":{\"@id\":\"https:\/\/sites.vireisite.com.br\/maurosistemas\/analise-de-processos-bpm\/#breadcrumb\"},\"inLanguage\":\"pt-BR\",\"potentialAction\":[{\"@type\":\"ReadAction\",\"target\":[\"https:\/\/sites.vireisite.com.br\/maurosistemas\/analise-de-processos-bpm\/\"]}]},{\"@type\":\"ImageObject\",\"inLanguage\":\"pt-BR\",\"@id\":\"https:\/\/sites.vireisite.com.br\/maurosistemas\/analise-de-processos-bpm\/#primaryimage\",\"url\":\"https:\/\/sites.vireisite.com.br\/maurosistemas\/wp-content\/uploads\/2025\/12\/analise-bpm.jpg\",\"contentUrl\":\"https:\/\/sites.vireisite.com.br\/maurosistemas\/wp-content\/uploads\/2025\/12\/analise-bpm.jpg\",\"width\":1920,\"height\":1272},{\"@type\":\"BreadcrumbList\",\"@id\":\"https:\/\/sites.vireisite.com.br\/maurosistemas\/analise-de-processos-bpm\/#breadcrumb\",\"itemListElement\":[{\"@type\":\"ListItem\",\"position\":1,\"name\":\"In\u00edcio\",\"item\":\"https:\/\/sites.vireisite.com.br\/maurosistemas\/\"},{\"@type\":\"ListItem\",\"position\":2,\"name\":\"An\u00e1lise de Processos &#8211; BPM\"}]},{\"@type\":\"WebSite\",\"@id\":\"https:\/\/sites.vireisite.com.br\/maurosistemas\/#website\",\"url\":\"https:\/\/sites.vireisite.com.br\/maurosistemas\/\",\"name\":\"Mauro sistemas\",\"description\":\"Desenvolvimento de Software\",\"potentialAction\":[{\"@type\":\"SearchAction\",\"target\":{\"@type\":\"EntryPoint\",\"urlTemplate\":\"https:\/\/sites.vireisite.com.br\/maurosistemas\/?s={search_term_string}\"},\"query-input\":{\"@type\":\"PropertyValueSpecification\",\"valueRequired\":true,\"valueName\":\"search_term_string\"}}],\"inLanguage\":\"pt-BR\"}]}<\/script>\n<!-- \/ Yoast SEO plugin. -->","yoast_head_json":{"title":"An\u00e1lise de Processos - BPM - Mauro sistemas","robots":{"index":"index","follow":"follow","max-snippet":"max-snippet:-1","max-image-preview":"max-image-preview:large","max-video-preview":"max-video-preview:-1"},"canonical":"https:\/\/sites.vireisite.com.br\/maurosistemas\/analise-de-processos-bpm\/","og_locale":"pt_BR","og_type":"article","og_title":"An\u00e1lise de Processos - BPM - Mauro sistemas","og_description":"An\u00e1lise de processos (BPM) A An\u00e1lise de Processos (BPM \u2013 Business Process Management) \u00e9 fundamental para empresas que desejam operar com efici\u00eancia, reduzir custos, aumentar a produtividade e garantir crescimento de forma estruturada. Na Mauro Sistemas, realizamos o mapeamento, a an\u00e1lise e o redesenho completo dos processos organizacionais, transformando rotinas complexas em fluxos claros, eficientes [&hellip;]","og_url":"https:\/\/sites.vireisite.com.br\/maurosistemas\/analise-de-processos-bpm\/","og_site_name":"Mauro sistemas","article_modified_time":"2025-12-10T16:39:59+00:00","og_image":[{"width":1920,"height":1272,"url":"https:\/\/sites.vireisite.com.br\/maurosistemas\/wp-content\/uploads\/2025\/12\/analise-bpm.jpg","type":"image\/jpeg"}],"twitter_card":"summary_large_image","twitter_misc":{"Est. tempo de leitura":"1 minuto"},"schema":{"@context":"https:\/\/schema.org","@graph":[{"@type":"WebPage","@id":"https:\/\/sites.vireisite.com.br\/maurosistemas\/analise-de-processos-bpm\/","url":"https:\/\/sites.vireisite.com.br\/maurosistemas\/analise-de-processos-bpm\/","name":"An\u00e1lise de Processos - BPM - Mauro sistemas","isPartOf":{"@id":"https:\/\/sites.vireisite.com.br\/maurosistemas\/#website"},"primaryImageOfPage":{"@id":"https:\/\/sites.vireisite.com.br\/maurosistemas\/analise-de-processos-bpm\/#primaryimage"},"image":{"@id":"https:\/\/sites.vireisite.com.br\/maurosistemas\/analise-de-processos-bpm\/#primaryimage"},"thumbnailUrl":"https:\/\/sites.vireisite.com.br\/maurosistemas\/wp-content\/uploads\/2025\/12\/analise-bpm-1024x678.jpg","datePublished":"2025-12-10T13:58:58+00:00","dateModified":"2025-12-10T16:39:59+00:00","breadcrumb":{"@id":"https:\/\/sites.vireisite.com.br\/maurosistemas\/analise-de-processos-bpm\/#breadcrumb"},"inLanguage":"pt-BR","potentialAction":[{"@type":"ReadAction","target":["https:\/\/sites.vireisite.com.br\/maurosistemas\/analise-de-processos-bpm\/"]}]},{"@type":"ImageObject","inLanguage":"pt-BR","@id":"https:\/\/sites.vireisite.com.br\/maurosistemas\/analise-de-processos-bpm\/#primaryimage","url":"https:\/\/sites.vireisite.com.br\/maurosistemas\/wp-content\/uploads\/2025\/12\/analise-bpm.jpg","contentUrl":"https:\/\/sites.vireisite.com.br\/maurosistemas\/wp-content\/uploads\/2025\/12\/analise-bpm.jpg","width":1920,"height":1272},{"@type":"BreadcrumbList","@id":"https:\/\/sites.vireisite.com.br\/maurosistemas\/analise-de-processos-bpm\/#breadcrumb","itemListElement":[{"@type":"ListItem","position":1,"name":"In\u00edcio","item":"https:\/\/sites.vireisite.com.br\/maurosistemas\/"},{"@type":"ListItem","position":2,"name":"An\u00e1lise de Processos &#8211; BPM"}]},{"@type":"WebSite","@id":"https:\/\/sites.vireisite.com.br\/maurosistemas\/#website","url":"https:\/\/sites.vireisite.com.br\/maurosistemas\/","name":"Mauro sistemas","description":"Desenvolvimento de Software","potentialAction":[{"@type":"SearchAction","target":{"@type":"EntryPoint","urlTemplate":"https:\/\/sites.vireisite.com.br\/maurosistemas\/?s={search_term_string}"},"query-input":{"@type":"PropertyValueSpecification","valueRequired":true,"valueName":"search_term_string"}}],"inLanguage":"pt-BR"}]}},"_links":{"self":[{"href":"https:\/\/sites.vireisite.com.br\/maurosistemas\/wp-json\/wp\/v2\/pages\/366","targetHints":{"allow":["GET"]}}],"collection":[{"href":"https:\/\/sites.vireisite.com.br\/maurosistemas\/wp-json\/wp\/v2\/pages"}],"about":[{"href":"https:\/\/sites.vireisite.com.br\/maurosistemas\/wp-json\/wp\/v2\/types\/page"}],"author":[{"embeddable":true,"href":"https:\/\/sites.vireisite.com.br\/maurosistemas\/wp-json\/wp\/v2\/users\/1"}],"replies":[{"embeddable":true,"href":"https:\/\/sites.vireisite.com.br\/maurosistemas\/wp-json\/wp\/v2\/comments?post=366"}],"version-history":[{"count":10,"href":"https:\/\/sites.vireisite.com.br\/maurosistemas\/wp-json\/wp\/v2\/pages\/366\/revisions"}],"predecessor-version":[{"id":447,"href":"https:\/\/sites.vireisite.com.br\/maurosistemas\/wp-json\/wp\/v2\/pages\/366\/revisions\/447"}],"wp:attachment":[{"href":"https:\/\/sites.vireisite.com.br\/maurosistemas\/wp-json\/wp\/v2\/media?parent=366"}],"curies":[{"name":"wp","href":"https:\/\/api.w.org\/{rel}","templated":true}]}}