{"id":320,"date":"2025-12-10T13:36:34","date_gmt":"2025-12-10T13:36:34","guid":{"rendered":"https:\/\/sites.vireisite.com.br\/maurosistemas\/?page_id=320"},"modified":"2025-12-10T16:40:55","modified_gmt":"2025-12-10T16:40:55","slug":"automacoes-e-chatbot","status":"publish","type":"page","link":"https:\/\/sites.vireisite.com.br\/maurosistemas\/automacoes-e-chatbot\/","title":{"rendered":"Automa\u00e7\u00f5es e Chatbot"},"content":{"rendered":"\t\t<div data-elementor-type=\"wp-page\" data-elementor-id=\"320\" class=\"elementor elementor-320\" data-elementor-post-type=\"page\">\n\t\t\t\t\t\t<section class=\"elementor-section elementor-top-section elementor-element elementor-element-625a6535 elementor-section-full_width elementor-section-height-default elementor-section-height-default\" data-id=\"625a6535\" data-element_type=\"section\">\n\t\t\t\t\t\t<div class=\"elementor-container elementor-column-gap-no\">\n\t\t\t\t\t<div class=\"elementor-column elementor-col-100 elementor-top-column elementor-element elementor-element-7de8eed8\" data-id=\"7de8eed8\" data-element_type=\"column\">\n\t\t\t<div class=\"elementor-widget-wrap\">\n\t\t\t\t\t\t\t<\/div>\n\t\t<\/div>\n\t\t\t\t\t<\/div>\n\t\t<\/section>\n\t\t<div class=\"elementor-element elementor-element-4ac474ff e-flex e-con-boxed e-con e-parent\" data-id=\"4ac474ff\" data-element_type=\"container\" data-settings=\"{&quot;background_background&quot;:&quot;classic&quot;}\">\n\t\t\t\t\t<div class=\"e-con-inner\">\n\t\t\t\t<div class=\"elementor-element elementor-element-3db5ba03 elementor-widget elementor-widget-heading\" data-id=\"3db5ba03\" data-element_type=\"widget\" data-widget_type=\"heading.default\">\n\t\t\t\t\t<h1 class=\"elementor-heading-title elementor-size-default\">Automa\u00e7\u00f5es e Chatbot<\/h1>\t\t\t\t<\/div>\n\t\t\t\t\t<\/div>\n\t\t\t\t<\/div>\n\t\t\t\t<section class=\"elementor-section elementor-top-section elementor-element elementor-element-48f0e957 elementor-section-boxed elementor-section-height-default elementor-section-height-default\" data-id=\"48f0e957\" data-element_type=\"section\">\n\t\t\t\t\t\t<div class=\"elementor-container elementor-column-gap-no\">\n\t\t\t\t\t<div class=\"elementor-column elementor-col-50 elementor-top-column elementor-element elementor-element-670ee637\" data-id=\"670ee637\" data-element_type=\"column\">\n\t\t\t<div class=\"elementor-widget-wrap elementor-element-populated\">\n\t\t\t\t\t\t<div class=\"elementor-element elementor-element-3db48450 elementor-widget elementor-widget-text-editor\" data-id=\"3db48450\" data-element_type=\"widget\" data-widget_type=\"text-editor.default\">\n\t\t\t\t\t\t\t\t\t<p data-start=\"288\" data-end=\"709\">Em um mercado cada vez mais din\u00e2mico e competitivo, automatizar tarefas repetitivas e integrar canais de atendimento deixou de ser um diferencial e passou a ser uma necessidade estrat\u00e9gica. Na <strong data-start=\"481\" data-end=\"499\">Mauro Sistemas<\/strong>, desenvolvemos <strong data-start=\"515\" data-end=\"575\">solu\u00e7\u00f5es de automa\u00e7\u00e3o e chatbots totalmente customizadas<\/strong>, projetadas para otimizar processos internos, melhorar a comunica\u00e7\u00e3o digital e elevar o n\u00edvel de efici\u00eancia operacional das empresas.<\/p><p data-start=\"711\" data-end=\"1180\">Nossos projetos s\u00e3o pensados de forma personalizada, considerando a realidade, os fluxos e os objetivos de cada cliente. Atuamos desde a automa\u00e7\u00e3o de tarefas simples at\u00e9 integra\u00e7\u00f5es complexas entre sistemas, plataformas e canais de atendimento, proporcionando <strong data-start=\"971\" data-end=\"1016\">mais velocidade, precis\u00e3o e produtividade<\/strong>. Com isso, sua equipe deixa de perder tempo com atividades operacionais repetitivas e passa a focar em a\u00e7\u00f5es estrat\u00e9gicas que realmente geram valor para o neg\u00f3cio.<\/p><p data-start=\"1182\" data-end=\"1574\">Estudos apontam que empresas que adotam <strong data-start=\"1222\" data-end=\"1260\">chatbots e automa\u00e7\u00f5es inteligentes<\/strong> podem reduzir o tempo de atendimento em at\u00e9 <strong data-start=\"1305\" data-end=\"1312\">70%<\/strong>, al\u00e9m de aumentar significativamente a satisfa\u00e7\u00e3o do cliente e a produtividade das equipes. Essas tecnologias tamb\u00e9m permitem <strong data-start=\"1439\" data-end=\"1507\">escalabilidade sem eleva\u00e7\u00e3o proporcional dos custos operacionais<\/strong>, garantindo crescimento sustent\u00e1vel, mesmo com aumento da demanda.<\/p>\t\t\t\t\t\t\t\t<\/div>\n\t\t\t\t\t<\/div>\n\t\t<\/div>\n\t\t\t\t<div class=\"elementor-column elementor-col-50 elementor-top-column elementor-element elementor-element-67ac07b2\" data-id=\"67ac07b2\" data-element_type=\"column\">\n\t\t\t<div class=\"elementor-widget-wrap elementor-element-populated\">\n\t\t\t\t\t\t<div class=\"elementor-element elementor-element-290f2cdb elementor-widget elementor-widget-image\" data-id=\"290f2cdb\" data-element_type=\"widget\" data-widget_type=\"image.default\">\n\t\t\t\t\t\t\t\t\t\t\t\t\t\t\t<img fetchpriority=\"high\" decoding=\"async\" width=\"800\" height=\"533\" src=\"https:\/\/sites.vireisite.com.br\/maurosistemas\/wp-content\/uploads\/2025\/12\/chatbot-imagem-1024x682.jpg\" class=\"attachment-large size-large wp-image-427\" alt=\"\" srcset=\"https:\/\/sites.vireisite.com.br\/maurosistemas\/wp-content\/uploads\/2025\/12\/chatbot-imagem-1024x682.jpg 1024w, https:\/\/sites.vireisite.com.br\/maurosistemas\/wp-content\/uploads\/2025\/12\/chatbot-imagem-300x200.jpg 300w, https:\/\/sites.vireisite.com.br\/maurosistemas\/wp-content\/uploads\/2025\/12\/chatbot-imagem-768x512.jpg 768w, https:\/\/sites.vireisite.com.br\/maurosistemas\/wp-content\/uploads\/2025\/12\/chatbot-imagem.jpg 1280w\" sizes=\"(max-width: 800px) 100vw, 800px\" \/>\t\t\t\t\t\t\t\t\t\t\t\t\t\t\t<\/div>\n\t\t\t\t<section class=\"elementor-section elementor-inner-section elementor-element elementor-element-2b8267e5 animated-slow elementor-section-boxed elementor-section-height-default elementor-section-height-default elementor-invisible\" data-id=\"2b8267e5\" data-element_type=\"section\" data-settings=\"{&quot;animation&quot;:&quot;fadeInUp&quot;,&quot;animation_delay&quot;:0}\">\n\t\t\t\t\t\t<div class=\"elementor-container elementor-column-gap-no\">\n\t\t\t\t\t<div class=\"elementor-column elementor-col-100 elementor-inner-column elementor-element elementor-element-4d068173\" data-id=\"4d068173\" data-element_type=\"column\">\n\t\t\t<div class=\"elementor-widget-wrap\">\n\t\t\t\t\t\t\t<\/div>\n\t\t<\/div>\n\t\t\t\t\t<\/div>\n\t\t<\/section>\n\t\t\t\t\t<\/div>\n\t\t<\/div>\n\t\t\t\t\t<\/div>\n\t\t<\/section>\n\t\t\t\t<\/div>\n\t\t","protected":false},"excerpt":{"rendered":"<p>Automa\u00e7\u00f5es e Chatbot Em um mercado cada vez mais din\u00e2mico e competitivo, automatizar tarefas repetitivas e integrar canais de atendimento deixou de ser um diferencial e passou a ser uma necessidade estrat\u00e9gica. Na Mauro Sistemas, desenvolvemos solu\u00e7\u00f5es de automa\u00e7\u00e3o e chatbots totalmente customizadas, projetadas para otimizar processos internos, melhorar a comunica\u00e7\u00e3o digital e elevar o [&hellip;]<\/p>\n","protected":false},"author":1,"featured_media":0,"parent":0,"menu_order":0,"comment_status":"closed","ping_status":"closed","template":"elementor_header_footer","meta":{"footnotes":""},"class_list":["post-320","page","type-page","status-publish","hentry"],"yoast_head":"<!-- This site is optimized with the Yoast SEO plugin v26.5 - https:\/\/yoast.com\/wordpress\/plugins\/seo\/ -->\n<title>Automa\u00e7\u00f5es e Chatbot - Mauro sistemas<\/title>\n<meta name=\"robots\" content=\"index, follow, max-snippet:-1, max-image-preview:large, max-video-preview:-1\" \/>\n<link rel=\"canonical\" href=\"https:\/\/sites.vireisite.com.br\/maurosistemas\/automacoes-e-chatbot\/\" \/>\n<meta property=\"og:locale\" content=\"pt_BR\" \/>\n<meta property=\"og:type\" content=\"article\" \/>\n<meta property=\"og:title\" content=\"Automa\u00e7\u00f5es e Chatbot - Mauro sistemas\" \/>\n<meta property=\"og:description\" content=\"Automa\u00e7\u00f5es e Chatbot Em um mercado cada vez mais din\u00e2mico e competitivo, automatizar tarefas repetitivas e integrar canais de atendimento deixou de ser um diferencial e passou a ser uma necessidade estrat\u00e9gica. Na Mauro Sistemas, desenvolvemos solu\u00e7\u00f5es de automa\u00e7\u00e3o e chatbots totalmente customizadas, projetadas para otimizar processos internos, melhorar a comunica\u00e7\u00e3o digital e elevar o [&hellip;]\" \/>\n<meta property=\"og:url\" content=\"https:\/\/sites.vireisite.com.br\/maurosistemas\/automacoes-e-chatbot\/\" \/>\n<meta property=\"og:site_name\" content=\"Mauro sistemas\" \/>\n<meta property=\"article:modified_time\" content=\"2025-12-10T16:40:55+00:00\" \/>\n<meta property=\"og:image\" content=\"https:\/\/sites.vireisite.com.br\/maurosistemas\/wp-content\/uploads\/2025\/12\/chatbot-imagem.jpg\" \/>\n\t<meta property=\"og:image:width\" content=\"1280\" \/>\n\t<meta property=\"og:image:height\" content=\"853\" \/>\n\t<meta property=\"og:image:type\" content=\"image\/jpeg\" \/>\n<meta name=\"twitter:card\" content=\"summary_large_image\" \/>\n<meta name=\"twitter:label1\" content=\"Est. tempo de leitura\" \/>\n\t<meta name=\"twitter:data1\" content=\"1 minuto\" \/>\n<script type=\"application\/ld+json\" class=\"yoast-schema-graph\">{\"@context\":\"https:\/\/schema.org\",\"@graph\":[{\"@type\":\"WebPage\",\"@id\":\"https:\/\/sites.vireisite.com.br\/maurosistemas\/automacoes-e-chatbot\/\",\"url\":\"https:\/\/sites.vireisite.com.br\/maurosistemas\/automacoes-e-chatbot\/\",\"name\":\"Automa\u00e7\u00f5es e Chatbot - Mauro sistemas\",\"isPartOf\":{\"@id\":\"https:\/\/sites.vireisite.com.br\/maurosistemas\/#website\"},\"primaryImageOfPage\":{\"@id\":\"https:\/\/sites.vireisite.com.br\/maurosistemas\/automacoes-e-chatbot\/#primaryimage\"},\"image\":{\"@id\":\"https:\/\/sites.vireisite.com.br\/maurosistemas\/automacoes-e-chatbot\/#primaryimage\"},\"thumbnailUrl\":\"https:\/\/sites.vireisite.com.br\/maurosistemas\/wp-content\/uploads\/2025\/12\/chatbot-imagem-1024x682.jpg\",\"datePublished\":\"2025-12-10T13:36:34+00:00\",\"dateModified\":\"2025-12-10T16:40:55+00:00\",\"breadcrumb\":{\"@id\":\"https:\/\/sites.vireisite.com.br\/maurosistemas\/automacoes-e-chatbot\/#breadcrumb\"},\"inLanguage\":\"pt-BR\",\"potentialAction\":[{\"@type\":\"ReadAction\",\"target\":[\"https:\/\/sites.vireisite.com.br\/maurosistemas\/automacoes-e-chatbot\/\"]}]},{\"@type\":\"ImageObject\",\"inLanguage\":\"pt-BR\",\"@id\":\"https:\/\/sites.vireisite.com.br\/maurosistemas\/automacoes-e-chatbot\/#primaryimage\",\"url\":\"https:\/\/sites.vireisite.com.br\/maurosistemas\/wp-content\/uploads\/2025\/12\/chatbot-imagem.jpg\",\"contentUrl\":\"https:\/\/sites.vireisite.com.br\/maurosistemas\/wp-content\/uploads\/2025\/12\/chatbot-imagem.jpg\",\"width\":1280,\"height\":853},{\"@type\":\"BreadcrumbList\",\"@id\":\"https:\/\/sites.vireisite.com.br\/maurosistemas\/automacoes-e-chatbot\/#breadcrumb\",\"itemListElement\":[{\"@type\":\"ListItem\",\"position\":1,\"name\":\"In\u00edcio\",\"item\":\"https:\/\/sites.vireisite.com.br\/maurosistemas\/\"},{\"@type\":\"ListItem\",\"position\":2,\"name\":\"Automa\u00e7\u00f5es e Chatbot\"}]},{\"@type\":\"WebSite\",\"@id\":\"https:\/\/sites.vireisite.com.br\/maurosistemas\/#website\",\"url\":\"https:\/\/sites.vireisite.com.br\/maurosistemas\/\",\"name\":\"Mauro sistemas\",\"description\":\"Desenvolvimento de Software\",\"potentialAction\":[{\"@type\":\"SearchAction\",\"target\":{\"@type\":\"EntryPoint\",\"urlTemplate\":\"https:\/\/sites.vireisite.com.br\/maurosistemas\/?s={search_term_string}\"},\"query-input\":{\"@type\":\"PropertyValueSpecification\",\"valueRequired\":true,\"valueName\":\"search_term_string\"}}],\"inLanguage\":\"pt-BR\"}]}<\/script>\n<!-- \/ Yoast SEO plugin. -->","yoast_head_json":{"title":"Automa\u00e7\u00f5es e Chatbot - Mauro sistemas","robots":{"index":"index","follow":"follow","max-snippet":"max-snippet:-1","max-image-preview":"max-image-preview:large","max-video-preview":"max-video-preview:-1"},"canonical":"https:\/\/sites.vireisite.com.br\/maurosistemas\/automacoes-e-chatbot\/","og_locale":"pt_BR","og_type":"article","og_title":"Automa\u00e7\u00f5es e Chatbot - Mauro sistemas","og_description":"Automa\u00e7\u00f5es e Chatbot Em um mercado cada vez mais din\u00e2mico e competitivo, automatizar tarefas repetitivas e integrar canais de atendimento deixou de ser um diferencial e passou a ser uma necessidade estrat\u00e9gica. Na Mauro Sistemas, desenvolvemos solu\u00e7\u00f5es de automa\u00e7\u00e3o e chatbots totalmente customizadas, projetadas para otimizar processos internos, melhorar a comunica\u00e7\u00e3o digital e elevar o [&hellip;]","og_url":"https:\/\/sites.vireisite.com.br\/maurosistemas\/automacoes-e-chatbot\/","og_site_name":"Mauro sistemas","article_modified_time":"2025-12-10T16:40:55+00:00","og_image":[{"width":1280,"height":853,"url":"https:\/\/sites.vireisite.com.br\/maurosistemas\/wp-content\/uploads\/2025\/12\/chatbot-imagem.jpg","type":"image\/jpeg"}],"twitter_card":"summary_large_image","twitter_misc":{"Est. tempo de leitura":"1 minuto"},"schema":{"@context":"https:\/\/schema.org","@graph":[{"@type":"WebPage","@id":"https:\/\/sites.vireisite.com.br\/maurosistemas\/automacoes-e-chatbot\/","url":"https:\/\/sites.vireisite.com.br\/maurosistemas\/automacoes-e-chatbot\/","name":"Automa\u00e7\u00f5es e Chatbot - Mauro sistemas","isPartOf":{"@id":"https:\/\/sites.vireisite.com.br\/maurosistemas\/#website"},"primaryImageOfPage":{"@id":"https:\/\/sites.vireisite.com.br\/maurosistemas\/automacoes-e-chatbot\/#primaryimage"},"image":{"@id":"https:\/\/sites.vireisite.com.br\/maurosistemas\/automacoes-e-chatbot\/#primaryimage"},"thumbnailUrl":"https:\/\/sites.vireisite.com.br\/maurosistemas\/wp-content\/uploads\/2025\/12\/chatbot-imagem-1024x682.jpg","datePublished":"2025-12-10T13:36:34+00:00","dateModified":"2025-12-10T16:40:55+00:00","breadcrumb":{"@id":"https:\/\/sites.vireisite.com.br\/maurosistemas\/automacoes-e-chatbot\/#breadcrumb"},"inLanguage":"pt-BR","potentialAction":[{"@type":"ReadAction","target":["https:\/\/sites.vireisite.com.br\/maurosistemas\/automacoes-e-chatbot\/"]}]},{"@type":"ImageObject","inLanguage":"pt-BR","@id":"https:\/\/sites.vireisite.com.br\/maurosistemas\/automacoes-e-chatbot\/#primaryimage","url":"https:\/\/sites.vireisite.com.br\/maurosistemas\/wp-content\/uploads\/2025\/12\/chatbot-imagem.jpg","contentUrl":"https:\/\/sites.vireisite.com.br\/maurosistemas\/wp-content\/uploads\/2025\/12\/chatbot-imagem.jpg","width":1280,"height":853},{"@type":"BreadcrumbList","@id":"https:\/\/sites.vireisite.com.br\/maurosistemas\/automacoes-e-chatbot\/#breadcrumb","itemListElement":[{"@type":"ListItem","position":1,"name":"In\u00edcio","item":"https:\/\/sites.vireisite.com.br\/maurosistemas\/"},{"@type":"ListItem","position":2,"name":"Automa\u00e7\u00f5es e Chatbot"}]},{"@type":"WebSite","@id":"https:\/\/sites.vireisite.com.br\/maurosistemas\/#website","url":"https:\/\/sites.vireisite.com.br\/maurosistemas\/","name":"Mauro sistemas","description":"Desenvolvimento de Software","potentialAction":[{"@type":"SearchAction","target":{"@type":"EntryPoint","urlTemplate":"https:\/\/sites.vireisite.com.br\/maurosistemas\/?s={search_term_string}"},"query-input":{"@type":"PropertyValueSpecification","valueRequired":true,"valueName":"search_term_string"}}],"inLanguage":"pt-BR"}]}},"_links":{"self":[{"href":"https:\/\/sites.vireisite.com.br\/maurosistemas\/wp-json\/wp\/v2\/pages\/320","targetHints":{"allow":["GET"]}}],"collection":[{"href":"https:\/\/sites.vireisite.com.br\/maurosistemas\/wp-json\/wp\/v2\/pages"}],"about":[{"href":"https:\/\/sites.vireisite.com.br\/maurosistemas\/wp-json\/wp\/v2\/types\/page"}],"author":[{"embeddable":true,"href":"https:\/\/sites.vireisite.com.br\/maurosistemas\/wp-json\/wp\/v2\/users\/1"}],"replies":[{"embeddable":true,"href":"https:\/\/sites.vireisite.com.br\/maurosistemas\/wp-json\/wp\/v2\/comments?post=320"}],"version-history":[{"count":13,"href":"https:\/\/sites.vireisite.com.br\/maurosistemas\/wp-json\/wp\/v2\/pages\/320\/revisions"}],"predecessor-version":[{"id":450,"href":"https:\/\/sites.vireisite.com.br\/maurosistemas\/wp-json\/wp\/v2\/pages\/320\/revisions\/450"}],"wp:attachment":[{"href":"https:\/\/sites.vireisite.com.br\/maurosistemas\/wp-json\/wp\/v2\/media?parent=320"}],"curies":[{"name":"wp","href":"https:\/\/api.w.org\/{rel}","templated":true}]}}